{"id":1605,"date":"2024-01-03T11:34:13","date_gmt":"2024-01-03T10:34:13","guid":{"rendered":"https:\/\/moovly.ch\/impronta\/"},"modified":"2025-12-04T20:41:43","modified_gmt":"2025-12-04T19:41:43","slug":"impronta","status":"publish","type":"page","link":"https:\/\/moovly.ch\/it\/impronta\/","title":{"rendered":"Impronta"},"content":{"rendered":"\t\t<div data-elementor-type=\"wp-page\" data-elementor-id=\"1605\" class=\"elementor elementor-1605 elementor-104\" data-elementor-post-type=\"page\">\n\t\t\t\t<div class=\"elementor-element elementor-element-f0ca95c e-con-full e-flex e-con e-parent\" data-id=\"f0ca95c\" data-element_type=\"container\" data-e-type=\"container\" data-settings=\"{&quot;background_background&quot;:&quot;classic&quot;,&quot;jet_parallax_layout_list&quot;:[]}\">\n\t\t\t\t<div class=\"elementor-element elementor-element-50050d6 elementor-absolute elementor-hidden-widescreen elementor-hidden-desktop elementor-hidden-laptop elementor-hidden-tablet_extra elementor-hidden-tablet elementor-hidden-mobile_extra elementor-hidden-mobile elementor-widget elementor-widget-image\" data-id=\"50050d6\" data-element_type=\"widget\" data-e-type=\"widget\" data-settings=\"{&quot;_position&quot;:&quot;absolute&quot;,&quot;motion_fx_motion_fx_scrolling&quot;:&quot;yes&quot;,&quot;motion_fx_translateY_effect&quot;:&quot;yes&quot;,&quot;motion_fx_translateY_direction&quot;:&quot;negative&quot;,&quot;motion_fx_translateY_speed&quot;:{&quot;unit&quot;:&quot;px&quot;,&quot;size&quot;:1,&quot;sizes&quot;:[]},&quot;motion_fx_motion_fx_mouse&quot;:&quot;yes&quot;,&quot;motion_fx_mouseTrack_effect&quot;:&quot;yes&quot;,&quot;motion_fx_mouseTrack_speed&quot;:{&quot;unit&quot;:&quot;px&quot;,&quot;size&quot;:0.3,&quot;sizes&quot;:[]},&quot;motion_fx_translateY_affectedRange&quot;:{&quot;unit&quot;:&quot;%&quot;,&quot;size&quot;:&quot;&quot;,&quot;sizes&quot;:{&quot;start&quot;:0,&quot;end&quot;:100}},&quot;motion_fx_devices&quot;:[&quot;widescreen&quot;,&quot;desktop&quot;,&quot;laptop&quot;,&quot;tablet_extra&quot;,&quot;tablet&quot;,&quot;mobile_extra&quot;,&quot;mobile&quot;]}\" data-widget_type=\"image.default\">\n\t\t\t\t<div class=\"elementor-widget-container\">\n\t\t\t\t\t\t\t\t\t\t\t\t\t\t\t<img decoding=\"async\" width=\"159\" height=\"97\" src=\"https:\/\/moovly.ch\/wp-content\/uploads\/blue-line.svg\" class=\"attachment-full size-full wp-image-2477\" alt=\"\" \/>\t\t\t\t\t\t\t\t\t\t\t\t\t\t\t<\/div>\n\t\t\t\t<\/div>\n\t\t\t\t<div class=\"elementor-element elementor-element-e205da8 elementor-absolute elementor-widget elementor-widget-image\" data-id=\"e205da8\" data-element_type=\"widget\" data-e-type=\"widget\" data-settings=\"{&quot;_position&quot;:&quot;absolute&quot;,&quot;motion_fx_motion_fx_scrolling&quot;:&quot;yes&quot;,&quot;motion_fx_translateY_effect&quot;:&quot;yes&quot;,&quot;motion_fx_translateY_direction&quot;:&quot;negative&quot;,&quot;motion_fx_translateY_speed&quot;:{&quot;unit&quot;:&quot;px&quot;,&quot;size&quot;:1,&quot;sizes&quot;:[]},&quot;motion_fx_motion_fx_mouse&quot;:&quot;yes&quot;,&quot;motion_fx_mouseTrack_effect&quot;:&quot;yes&quot;,&quot;motion_fx_mouseTrack_direction&quot;:&quot;negative&quot;,&quot;motion_fx_mouseTrack_speed&quot;:{&quot;unit&quot;:&quot;px&quot;,&quot;size&quot;:0.3,&quot;sizes&quot;:[]},&quot;motion_fx_translateY_affectedRange&quot;:{&quot;unit&quot;:&quot;%&quot;,&quot;size&quot;:&quot;&quot;,&quot;sizes&quot;:{&quot;start&quot;:0,&quot;end&quot;:100}},&quot;motion_fx_devices&quot;:[&quot;widescreen&quot;,&quot;desktop&quot;,&quot;laptop&quot;,&quot;tablet_extra&quot;,&quot;tablet&quot;,&quot;mobile_extra&quot;,&quot;mobile&quot;]}\" data-widget_type=\"image.default\">\n\t\t\t\t<div class=\"elementor-widget-container\">\n\t\t\t\t\t\t\t\t\t\t\t\t\t\t\t<img decoding=\"async\" width=\"89\" height=\"89\" src=\"https:\/\/moovly.ch\/wp-content\/uploads\/orange-dot.svg\" class=\"attachment-full size-full wp-image-2478\" alt=\"\" \/>\t\t\t\t\t\t\t\t\t\t\t\t\t\t\t<\/div>\n\t\t\t\t<\/div>\n\t\t\t\t<div class=\"elementor-element elementor-element-dd344ad elementor-absolute elementor-widget elementor-widget-image\" data-id=\"dd344ad\" data-element_type=\"widget\" data-e-type=\"widget\" data-settings=\"{&quot;_position&quot;:&quot;absolute&quot;,&quot;motion_fx_motion_fx_scrolling&quot;:&quot;yes&quot;,&quot;motion_fx_translateY_effect&quot;:&quot;yes&quot;,&quot;motion_fx_translateY_direction&quot;:&quot;negative&quot;,&quot;motion_fx_translateY_speed&quot;:{&quot;unit&quot;:&quot;px&quot;,&quot;size&quot;:1.3,&quot;sizes&quot;:[]},&quot;motion_fx_motion_fx_mouse&quot;:&quot;yes&quot;,&quot;motion_fx_mouseTrack_effect&quot;:&quot;yes&quot;,&quot;motion_fx_mouseTrack_speed&quot;:{&quot;unit&quot;:&quot;px&quot;,&quot;size&quot;:0.3,&quot;sizes&quot;:[]},&quot;motion_fx_translateY_affectedRange&quot;:{&quot;unit&quot;:&quot;%&quot;,&quot;size&quot;:&quot;&quot;,&quot;sizes&quot;:{&quot;start&quot;:0,&quot;end&quot;:100}},&quot;motion_fx_devices&quot;:[&quot;widescreen&quot;,&quot;desktop&quot;,&quot;laptop&quot;,&quot;tablet_extra&quot;,&quot;tablet&quot;,&quot;mobile_extra&quot;,&quot;mobile&quot;]}\" data-widget_type=\"image.default\">\n\t\t\t\t<div class=\"elementor-widget-container\">\n\t\t\t\t\t\t\t\t\t\t\t\t\t\t\t<img decoding=\"async\" width=\"242\" height=\"189\" src=\"https:\/\/moovly.ch\/wp-content\/uploads\/violet-shape.svg\" class=\"attachment-full size-full wp-image-2479\" alt=\"\" \/>\t\t\t\t\t\t\t\t\t\t\t\t\t\t\t<\/div>\n\t\t\t\t<\/div>\n\t\t\t\t<\/div>\n\t\t<div class=\"elementor-element elementor-element-3243c1ac pad-tb-l animated-slow e-flex e-con-boxed e-con e-parent\" data-id=\"3243c1ac\" data-element_type=\"container\" data-e-type=\"container\" id=\"triggerSection\" data-settings=\"{&quot;animation&quot;:&quot;none&quot;,&quot;animation_delay&quot;:0.5,&quot;jet_parallax_layout_list&quot;:[]}\">\n\t\t\t\t\t<div class=\"e-con-inner\">\n\t\t<div class=\"elementor-element elementor-element-43b53bbd e-con-full e-flex e-con e-child\" data-id=\"43b53bbd\" data-element_type=\"container\" data-e-type=\"container\" data-settings=\"{&quot;jet_parallax_layout_list&quot;:[]}\">\n\t\t\t\t<div class=\"elementor-element elementor-element-12a37ac9 elementor-widget elementor-widget-heading\" data-id=\"12a37ac9\" data-element_type=\"widget\" data-e-type=\"widget\" data-widget_type=\"heading.default\">\n\t\t\t\t<div class=\"elementor-widget-container\">\n\t\t\t\t\t<h1 class=\"elementor-heading-title elementor-size-default\">Impronta<\/h1>\t\t\t\t<\/div>\n\t\t\t\t<\/div>\n\t\t\t\t<div class=\"elementor-element elementor-element-64414b63 pad-t-s elementor-widget elementor-widget-text-editor\" data-id=\"64414b63\" data-element_type=\"widget\" data-e-type=\"widget\" data-widget_type=\"text-editor.default\">\n\t\t\t\t<div class=\"elementor-widget-container\">\n\t\t\t\t\t\t\t\t\t<p><strong>Responsabile di tutti i contenuti di questo sito web:<br><\/strong>compliag AG<br>Kolinplatz<br>6300 Zug<br><a href=\"mailto:office@compliag.ch\">office@compliag.ch<\/a><br><a href=\"tel:+41417115050\">+41 41 711 50 50<\/a><\/p>\n<p><strong>Testi<br><\/strong><a href=\"https:\/\/www.bildtextform.ch\/\" target=\"_blank\" rel=\"noopener\">bildtextform.ch<\/a><\/p>\n<p><strong>Concetto, branding e design<br><\/strong><a href=\"https:\/\/andreamettler.ch\/\" target=\"_blank\" rel=\"noopener\">andreamettler.ch<\/a><\/p>\n<p><strong>Video \/ Foto: <\/strong><br><a href=\"https:\/\/www.pierrecopsey.com\/\" target=\"_blank\" rel=\"noopener\">pierrecopsey.com<\/a><\/p>\n<p><strong>Programmazione e ottimizzazione dei motori di ricerca SEO<br><\/strong><a href=\"https:\/\/webspatz.ch\/\" target=\"_blank\" rel=\"noopener\" rev=\"en_rl_none\">webspatz.ch<\/a><\/p>\n<p><strong>Disclaimer<br><\/strong>L&#8217;autore non si assume alcuna responsabilit\u00e0 per la correttezza, l&#8217;accuratezza, l&#8217;aggiornamento, l&#8217;affidabilit\u00e0 e la completezza delle informazioni fornite. Sono escluse richieste di responsabilit\u00e0 nei confronti dell&#8217;autore per danni di natura materiale o immateriale derivanti dall&#8217;accesso, dall&#8217;uso o dal mancato uso delle informazioni pubblicate, dall&#8217;uso improprio della connessione o da guasti tecnici. Tutte le offerte non sono vincolanti. L&#8217;autore si riserva espressamente il diritto di modificare, integrare o cancellare parti delle pagine o l&#8217;intera offerta senza preavviso o di interrompere temporaneamente o definitivamente la pubblicazione.   <\/p>\n<p><strong>Responsabilit\u00e0 per i link<br><\/strong>I riferimenti e i link a siti web di terzi non rientrano nella nostra sfera di responsabilit\u00e0. Si declina ogni responsabilit\u00e0 per tali siti web. L&#8217;accesso e l&#8217;utilizzo di tali siti web \u00e8 a rischio dell&#8217;utente.  <\/p>\n<p><strong>Copyright<br><\/strong>Il copyright e tutti gli altri diritti su contenuti, immagini, foto o altri file presenti sul sito web appartengono esclusivamente all&#8217;autore o ai titolari dei diritti specificamente indicati. Per la riproduzione di qualsiasi elemento \u00e8 necessario ottenere preventivamente il consenso scritto del titolare del copyright. <\/p>\t\t\t\t\t\t\t\t<\/div>\n\t\t\t\t<\/div>\n\t\t\t\t<\/div>\n\t\t\t\t\t<\/div>\n\t\t\t\t<\/div>\n\t\t\t\t<\/div>\n\t\t","protected":false},"excerpt":{"rendered":"<p>Impronta Responsabile di tutti i contenuti di questo sito web:compliag AGKolinplatz6300 Zugoffice@compliag.ch+41 41 711 50 50 Testibildtextform.ch Concetto, branding e designandreamettler.ch Video \/ Foto: pierrecopsey.com Programmazione e ottimizzazione dei motori di ricerca SEOwebspatz.ch DisclaimerL&#8217;autore non si assume alcuna responsabilit\u00e0 per la correttezza, l&#8217;accuratezza, l&#8217;aggiornamento, l&#8217;affidabilit\u00e0 e la completezza delle informazioni fornite. Sono escluse richieste di [&hellip;]<\/p>\n","protected":false},"author":3,"featured_media":0,"parent":0,"menu_order":0,"comment_status":"closed","ping_status":"closed","template":"","meta":{"_jf_limit_responses":"","iawp_total_views":6,"footnotes":""},"class_list":["post-1605","page","type-page","status-publish","hentry"],"_links":{"self":[{"href":"https:\/\/moovly.ch\/it\/wp-json\/wp\/v2\/pages\/1605","targetHints":{"allow":["GET"]}}],"collection":[{"href":"https:\/\/moovly.ch\/it\/wp-json\/wp\/v2\/pages"}],"about":[{"href":"https:\/\/moovly.ch\/it\/wp-json\/wp\/v2\/types\/page"}],"author":[{"embeddable":true,"href":"https:\/\/moovly.ch\/it\/wp-json\/wp\/v2\/users\/3"}],"replies":[{"embeddable":true,"href":"https:\/\/moovly.ch\/it\/wp-json\/wp\/v2\/comments?post=1605"}],"version-history":[{"count":2,"href":"https:\/\/moovly.ch\/it\/wp-json\/wp\/v2\/pages\/1605\/revisions"}],"predecessor-version":[{"id":2433,"href":"https:\/\/moovly.ch\/it\/wp-json\/wp\/v2\/pages\/1605\/revisions\/2433"}],"wp:attachment":[{"href":"https:\/\/moovly.ch\/it\/wp-json\/wp\/v2\/media?parent=1605"}],"curies":[{"name":"wp","href":"https:\/\/api.w.org\/{rel}","templated":true}]}}